{"id":112,"date":"2024-06-26T10:18:11","date_gmt":"2024-06-26T08:18:11","guid":{"rendered":"https:\/\/musicalisse.fr\/?page_id=112"},"modified":"2026-01-06T17:02:32","modified_gmt":"2026-01-06T16:02:32","slug":"mao","status":"publish","type":"page","link":"https:\/\/musicalisse.fr\/index.php\/mao\/","title":{"rendered":"Le studio 32"},"content":{"rendered":"\n<p>D&rsquo;o\u00f9 provient le nom du studio ? C&rsquo;est simple, il s&rsquo;agit du num\u00e9ro de la salle.<\/p>\n\n\n\n<p>Travaux sur la \u00ab\u00a0Musique Assist\u00e9e par Ordinateur\u00a0\u00bb dans le cadre de \u00ab\u00a0<a href=\"https:\/\/eduscol.education.fr\/3595\/notre-ecole-faisons-la-ensemble\">Notre Ecole Faisons-La Ensemble<\/a>\u00ab\u00a0.<\/p>\n\n\n\n<p><strong>Le studio 32<\/strong> a \u00e9t\u00e9 con\u00e7u pour que les \u00e9l\u00e8ves puissent <span style=\"text-decoration: underline;\">cr\u00e9er de la musique assist\u00e9e par ordinateur en autonomie.<\/span><\/p>\n\n\n\n<figure class=\"wp-block-gallery has-nested-images columns-default is-cropped wp-block-gallery-1 is-layout-flex wp-block-gallery-is-layout-flex\">\n<figure class=\"wp-block-image size-large\"><img loading=\"lazy\" decoding=\"async\" width=\"1024\" height=\"768\" data-id=\"792\" src=\"https:\/\/musicalisse.fr\/wp-content\/uploads\/2025\/11\/6D9D0A5E-3BA5-4251-B8CF-0FBE6DA60252_1_105_c.jpeg\" alt=\"\" class=\"wp-image-792\" srcset=\"https:\/\/musicalisse.fr\/wp-content\/uploads\/2025\/11\/6D9D0A5E-3BA5-4251-B8CF-0FBE6DA60252_1_105_c.jpeg 1024w, https:\/\/musicalisse.fr\/wp-content\/uploads\/2025\/11\/6D9D0A5E-3BA5-4251-B8CF-0FBE6DA60252_1_105_c-300x225.jpeg 300w, https:\/\/musicalisse.fr\/wp-content\/uploads\/2025\/11\/6D9D0A5E-3BA5-4251-B8CF-0FBE6DA60252_1_105_c-768x576.jpeg 768w, https:\/\/musicalisse.fr\/wp-content\/uploads\/2025\/11\/6D9D0A5E-3BA5-4251-B8CF-0FBE6DA60252_1_105_c-80x60.jpeg 80w\" sizes=\"auto, (max-width: 1024px) 100vw, 1024px\" \/><\/figure>\n\n\n\n<figure class=\"wp-block-image size-large\"><img loading=\"lazy\" decoding=\"async\" width=\"1024\" height=\"768\" data-id=\"793\" src=\"https:\/\/musicalisse.fr\/wp-content\/uploads\/2025\/11\/F30C823D-99B1-4F42-A44D-1041CD53A6E7_1_105_c.jpeg\" alt=\"\" class=\"wp-image-793\" srcset=\"https:\/\/musicalisse.fr\/wp-content\/uploads\/2025\/11\/F30C823D-99B1-4F42-A44D-1041CD53A6E7_1_105_c.jpeg 1024w, https:\/\/musicalisse.fr\/wp-content\/uploads\/2025\/11\/F30C823D-99B1-4F42-A44D-1041CD53A6E7_1_105_c-300x225.jpeg 300w, https:\/\/musicalisse.fr\/wp-content\/uploads\/2025\/11\/F30C823D-99B1-4F42-A44D-1041CD53A6E7_1_105_c-768x576.jpeg 768w, https:\/\/musicalisse.fr\/wp-content\/uploads\/2025\/11\/F30C823D-99B1-4F42-A44D-1041CD53A6E7_1_105_c-80x60.jpeg 80w\" sizes=\"auto, (max-width: 1024px) 100vw, 1024px\" \/><\/figure>\n\n\n\n<figure class=\"wp-block-image size-large\"><img loading=\"lazy\" decoding=\"async\" width=\"1024\" height=\"768\" data-id=\"794\" src=\"https:\/\/musicalisse.fr\/wp-content\/uploads\/2025\/11\/88BED26B-7D71-4E41-9380-64EB61DD3884_1_105_c.jpeg\" alt=\"\" class=\"wp-image-794\" srcset=\"https:\/\/musicalisse.fr\/wp-content\/uploads\/2025\/11\/88BED26B-7D71-4E41-9380-64EB61DD3884_1_105_c.jpeg 1024w, https:\/\/musicalisse.fr\/wp-content\/uploads\/2025\/11\/88BED26B-7D71-4E41-9380-64EB61DD3884_1_105_c-300x225.jpeg 300w, https:\/\/musicalisse.fr\/wp-content\/uploads\/2025\/11\/88BED26B-7D71-4E41-9380-64EB61DD3884_1_105_c-768x576.jpeg 768w, https:\/\/musicalisse.fr\/wp-content\/uploads\/2025\/11\/88BED26B-7D71-4E41-9380-64EB61DD3884_1_105_c-80x60.jpeg 80w\" sizes=\"auto, (max-width: 1024px) 100vw, 1024px\" \/><\/figure>\n\n\n\n<figure class=\"wp-block-image size-large\"><img loading=\"lazy\" decoding=\"async\" width=\"1024\" height=\"768\" data-id=\"795\" src=\"https:\/\/musicalisse.fr\/wp-content\/uploads\/2025\/11\/22A32776-437C-4F31-9FC9-54E6606C40C9_1_105_c.jpeg\" alt=\"\" class=\"wp-image-795\" srcset=\"https:\/\/musicalisse.fr\/wp-content\/uploads\/2025\/11\/22A32776-437C-4F31-9FC9-54E6606C40C9_1_105_c.jpeg 1024w, https:\/\/musicalisse.fr\/wp-content\/uploads\/2025\/11\/22A32776-437C-4F31-9FC9-54E6606C40C9_1_105_c-300x225.jpeg 300w, https:\/\/musicalisse.fr\/wp-content\/uploads\/2025\/11\/22A32776-437C-4F31-9FC9-54E6606C40C9_1_105_c-768x576.jpeg 768w, https:\/\/musicalisse.fr\/wp-content\/uploads\/2025\/11\/22A32776-437C-4F31-9FC9-54E6606C40C9_1_105_c-80x60.jpeg 80w\" sizes=\"auto, (max-width: 1024px) 100vw, 1024px\" \/><\/figure>\n<\/figure>\n\n\n\n<p class=\"has-text-align-center has-vivid-red-color has-vivid-cyan-blue-background-color has-text-color has-background has-link-color wp-elements-1e0349425c686ba9dafd93b7c4039cbd\">Cr\u00e9ations 2025 &#8211; 2026<\/p>\n\n\n\n<p><span style=\"text-decoration: underline;\">Aymeric et Axel <\/span>: On est tous les m\u00eames<\/p>\n\n\n\n<figure class=\"wp-block-audio\"><audio controls src=\"https:\/\/musicalisse.fr\/wp-content\/uploads\/2026\/01\/On-est-tous-les-memes.mp3\"><\/audio><\/figure>\n\n\n\n<p><span style=\"text-decoration: underline;\">Elisa<\/span> : Nuages<\/p>\n\n\n\n<figure class=\"wp-block-audio\"><audio controls src=\"https:\/\/musicalisse.fr\/wp-content\/uploads\/2026\/01\/nuages.mp3\"><\/audio><\/figure>\n\n\n\n<p><span style=\"text-decoration: underline;\">Elisa <\/span>: Vid\u00e9o game (pour le club radio)<\/p>\n\n\n\n<figure class=\"wp-block-audio\"><audio controls src=\"https:\/\/musicalisse.fr\/wp-content\/uploads\/2026\/01\/video_game.mp3\"><\/audio><\/figure>\n\n\n\n<p><span style=\"text-decoration: underline;\">Elisa<\/span> : Tokyo<\/p>\n\n\n\n<figure class=\"wp-block-audio\"><audio controls src=\"https:\/\/musicalisse.fr\/wp-content\/uploads\/2026\/01\/tokyo.mp3\"><\/audio><\/figure>\n\n\n\n<p><span style=\"text-decoration: underline;\">Elisa<\/span> : Dream<\/p>\n\n\n\n<figure class=\"wp-block-audio\"><audio controls src=\"https:\/\/musicalisse.fr\/wp-content\/uploads\/2026\/01\/Dream.mp3\"><\/audio><\/figure>\n","protected":false},"excerpt":{"rendered":"<p>D&rsquo;o\u00f9 provient le nom du studio ? C&rsquo;est simple, il s&rsquo;agit du num\u00e9ro de la salle. Travaux sur la \u00ab\u00a0Musique Assist\u00e9e par Ordinateur\u00a0\u00bb dans le cadre de \u00ab\u00a0Notre Ecole Faisons-La Ensemble\u00ab\u00a0. Le studio 32 a \u00e9t\u00e9 con\u00e7u pour que les \u00e9l\u00e8ves puissent cr\u00e9er de la &hellip; <\/p>\n","protected":false},"author":1,"featured_media":0,"parent":0,"menu_order":0,"comment_status":"closed","ping_status":"closed","template":"","meta":{"ca_portfolio_gallery_project_year":"","ca_portfolio_gallery_client":"","ca_portfolio_gallery_skills":"","ca_portfolio_gallery_url":"","footnotes":""},"class_list":["post-112","page","type-page","status-publish","hentry"],"_links":{"self":[{"href":"https:\/\/musicalisse.fr\/index.php\/wp-json\/wp\/v2\/pages\/112","targetHints":{"allow":["GET"]}}],"collection":[{"href":"https:\/\/musicalisse.fr\/index.php\/wp-json\/wp\/v2\/pages"}],"about":[{"href":"https:\/\/musicalisse.fr\/index.php\/wp-json\/wp\/v2\/types\/page"}],"author":[{"embeddable":true,"href":"https:\/\/musicalisse.fr\/index.php\/wp-json\/wp\/v2\/users\/1"}],"replies":[{"embeddable":true,"href":"https:\/\/musicalisse.fr\/index.php\/wp-json\/wp\/v2\/comments?post=112"}],"version-history":[{"count":13,"href":"https:\/\/musicalisse.fr\/index.php\/wp-json\/wp\/v2\/pages\/112\/revisions"}],"predecessor-version":[{"id":856,"href":"https:\/\/musicalisse.fr\/index.php\/wp-json\/wp\/v2\/pages\/112\/revisions\/856"}],"wp:attachment":[{"href":"https:\/\/musicalisse.fr\/index.php\/wp-json\/wp\/v2\/media?parent=112"}],"curies":[{"name":"wp","href":"https:\/\/api.w.org\/{rel}","templated":true}]}}