{"id":115,"date":"2024-06-26T10:49:57","date_gmt":"2024-06-26T08:49:57","guid":{"rendered":"https:\/\/musicalisse.fr\/?page_id=115"},"modified":"2024-07-09T17:55:30","modified_gmt":"2024-07-09T15:55:30","slug":"liens-pedagos","status":"publish","type":"page","link":"https:\/\/musicalisse.fr\/index.php\/liens-pedagos\/","title":{"rendered":"Liens"},"content":{"rendered":"\n<p><span style=\"text-decoration: underline;\"><strong>PEDAGOGIE :<\/strong><\/span><\/p>\n\n\n\n<ul class=\"wp-block-list\">\n<li><a href=\"https:\/\/edubase.eduscol.education.fr\/recherche?q=&amp;discipline%5B%5D=%C3%89ducation+musicale\">EDUBASE<\/a> : Base de s\u00e9quences p\u00e9dagogiques pour l&rsquo;\u00e9ducation musicale.<\/li>\n<\/ul>\n\n\n\n<ul class=\"wp-block-list\">\n<li><a href=\"https:\/\/metiers.philharmoniedeparis.fr\/professeur-education-musicale.aspx\">Etre professeur d&rsquo;\u00e9ducation musicale et chant chorale<\/a> : M\u00e9tiers de la musique (Philharmonie de Paris)<\/li>\n<\/ul>\n\n\n\n<ul class=\"wp-block-list\">\n<li><a href=\"https:\/\/eduscol.education.fr\/311\/education-musicale-cycle-4\">EDUSCOL<\/a> : Enseigner l&rsquo;\u00e9ducation musicale dans le cycle 3 et 4.<\/li>\n<\/ul>\n\n\n\n<ul class=\"wp-block-list\">\n<li><a href=\"https:\/\/sites.ac-nancy-metz.fr\/education-musicale\/chant-choral\/traam-travaux-academiques-mutualises\/\">TraAM EMCC<\/a> (Travaux Acad\u00e9miques Mutualis\u00e9s) Nancy-Metz.<\/li>\n<\/ul>\n\n\n\n<ul class=\"wp-block-list\">\n<li><a href=\"https:\/\/sites.ac-nancy-metz.fr\/education-musicale\/chant-choral\/\">Education musicale &amp; chant chorale Nancy-Metz<\/a> : L&rsquo;actualit\u00e9 de l&rsquo;acad\u00e9mie.<\/li>\n<\/ul>\n\n\n\n<ul class=\"wp-block-list\">\n<li><a href=\"https:\/\/www.jechanteaveclorchestre.com\/\">Je chante avec l&rsquo;orchestre<\/a> (Pr\u00e9paration et chant)<\/li>\n<\/ul>\n\n\n\n<ul class=\"wp-block-list\">\n<li>CanoProf : <a href=\"https:\/\/mathias-charton.canoprof.fr\/eleve\/Ressources%20Classe%20Chantante\">Ressources classe chantante<\/a> (Id\u00e9es pour les cours)<\/li>\n<\/ul>\n\n\n\n<p><span style=\"text-decoration: underline;\"><strong>LIEUX :<\/strong><\/span><\/p>\n\n\n\n<ul class=\"wp-block-list\">\n<li><a href=\"https:\/\/philharmoniedeparis.fr\/fr\">La Philharmonie de Paris<\/a><\/li>\n<\/ul>\n\n\n\n<ul class=\"wp-block-list\">\n<li><a href=\"https:\/\/opera.eurometropolemetz.eu\/\">Op\u00e9ra de Metz<\/a><\/li>\n<\/ul>\n","protected":false},"excerpt":{"rendered":"<p>PEDAGOGIE : LIEUX :<\/p>\n","protected":false},"author":1,"featured_media":0,"parent":0,"menu_order":0,"comment_status":"closed","ping_status":"closed","template":"","meta":{"ca_portfolio_gallery_project_year":"","ca_portfolio_gallery_client":"","ca_portfolio_gallery_skills":"","ca_portfolio_gallery_url":"","footnotes":""},"class_list":["post-115","page","type-page","status-publish","hentry"],"_links":{"self":[{"href":"https:\/\/musicalisse.fr\/index.php\/wp-json\/wp\/v2\/pages\/115","targetHints":{"allow":["GET"]}}],"collection":[{"href":"https:\/\/musicalisse.fr\/index.php\/wp-json\/wp\/v2\/pages"}],"about":[{"href":"https:\/\/musicalisse.fr\/index.php\/wp-json\/wp\/v2\/types\/page"}],"author":[{"embeddable":true,"href":"https:\/\/musicalisse.fr\/index.php\/wp-json\/wp\/v2\/users\/1"}],"replies":[{"embeddable":true,"href":"https:\/\/musicalisse.fr\/index.php\/wp-json\/wp\/v2\/comments?post=115"}],"version-history":[{"count":11,"href":"https:\/\/musicalisse.fr\/index.php\/wp-json\/wp\/v2\/pages\/115\/revisions"}],"predecessor-version":[{"id":234,"href":"https:\/\/musicalisse.fr\/index.php\/wp-json\/wp\/v2\/pages\/115\/revisions\/234"}],"wp:attachment":[{"href":"https:\/\/musicalisse.fr\/index.php\/wp-json\/wp\/v2\/media?parent=115"}],"curies":[{"name":"wp","href":"https:\/\/api.w.org\/{rel}","templated":true}]}}