{"id":197,"date":"2024-07-04T13:23:08","date_gmt":"2024-07-04T11:23:08","guid":{"rendered":"https:\/\/musicalisse.fr\/?page_id=197"},"modified":"2025-09-06T17:50:42","modified_gmt":"2025-09-06T15:50:42","slug":"outils-pedagogiques","status":"publish","type":"page","link":"https:\/\/musicalisse.fr\/index.php\/outils-pedagogiques\/","title":{"rendered":"Outils"},"content":{"rendered":"\n<ul class=\"wp-block-list\">\n<li><a href=\"https:\/\/ladigitale.dev\/\">La digitale<\/a><\/li>\n<\/ul>\n\n\n\n<ul class=\"wp-block-list\">\n<li><a href=\"https:\/\/padlet.com\/dashboard\/recents?mobile_page=Collection\">Padlet<\/a><\/li>\n<\/ul>\n\n\n\n<ul class=\"wp-block-list\">\n<li><a href=\"https:\/\/auth.genially.com\/login?backTo=https%3A%2F%2Fapp.genially.com%2Fteams%2F65afbb35164b4a00135ef987%2Fspaces%2F65afbb35164b4a00135ef9a3%2Fdashboard\">Genially<\/a><\/li>\n<\/ul>\n\n\n\n<ul class=\"wp-block-list\">\n<li><a href=\"https:\/\/www.quiziniere.com\/login\">La quizini\u00e8re<\/a><\/li>\n<\/ul>\n\n\n\n<ul class=\"wp-block-list\">\n<li><a href=\"https:\/\/wheelofnames.com\/fr\/\">Wheel of names<\/a> (Tirer un \u00e9l\u00e8ve au sort)<\/li>\n<\/ul>\n\n\n\n<ul class=\"wp-block-list\">\n<li><a href=\"https:\/\/etherpad.org\/#\">Ether pad <\/a>(Un tableau collaboratif) <a href=\"https:\/\/framapad.org\/abc\/fr\/\">Framapad <\/a>(Un tableau collaboratif)<\/li>\n<\/ul>\n\n\n\n<ul class=\"wp-block-list\">\n<li><a href=\"https:\/\/wetransfer.com\/\">We transfer <\/a>(permet de transf\u00e9rer des donn\u00e9es lourde via la g\u00e9n\u00e9ration d&rsquo;une URL. Attention, l&rsquo;h\u00e9bergement est disponible qu&rsquo;une seule semaine.<\/li>\n<\/ul>\n\n\n\n<ul class=\"wp-block-list\">\n<li><a href=\"https:\/\/learningapps.org\/\">Learning apps<\/a> (outil multi applications) int\u00e9gration sur Moodle possible.<\/li>\n<\/ul>\n\n\n\n<ul class=\"wp-block-list\">\n<li><a href=\"https:\/\/www.canva.com\/\">Canva<\/a> (outil incroyable pour la production, un must !)<\/li>\n<\/ul>\n\n\n\n<ul class=\"wp-block-list\">\n<li><a href=\"https:\/\/classroomscreen.com\/app\/screen\/w\/50c3f14a-d2eb-4b90-89bd-a5bb6bad5863\/g\/14868d91-acfc-45c6-aba3-99f76df342a4\/s\/941c1c68-c8d9-4f66-85b6-031fa7745aa6\">Classe room screen<\/a> (un tableau num\u00e9rique qui reste en fond de t\u00e2che avec diff\u00e9rents outils)<\/li>\n<\/ul>\n\n\n\n<ul class=\"wp-block-list\">\n<li>Un outil pour utiliser l&rsquo;IA et QCM dans PRONOTE : <a href=\"https:\/\/formatage-pronote.web.app\/\">https:\/\/formatage-pronote.web.app\/<\/a><\/li>\n<\/ul>\n","protected":false},"excerpt":{"rendered":"","protected":false},"author":1,"featured_media":0,"parent":0,"menu_order":0,"comment_status":"closed","ping_status":"closed","template":"","meta":{"ca_portfolio_gallery_project_year":"","ca_portfolio_gallery_client":"","ca_portfolio_gallery_skills":"","ca_portfolio_gallery_url":"","footnotes":""},"class_list":["post-197","page","type-page","status-publish","hentry"],"_links":{"self":[{"href":"https:\/\/musicalisse.fr\/index.php\/wp-json\/wp\/v2\/pages\/197","targetHints":{"allow":["GET"]}}],"collection":[{"href":"https:\/\/musicalisse.fr\/index.php\/wp-json\/wp\/v2\/pages"}],"about":[{"href":"https:\/\/musicalisse.fr\/index.php\/wp-json\/wp\/v2\/types\/page"}],"author":[{"embeddable":true,"href":"https:\/\/musicalisse.fr\/index.php\/wp-json\/wp\/v2\/users\/1"}],"replies":[{"embeddable":true,"href":"https:\/\/musicalisse.fr\/index.php\/wp-json\/wp\/v2\/comments?post=197"}],"version-history":[{"count":11,"href":"https:\/\/musicalisse.fr\/index.php\/wp-json\/wp\/v2\/pages\/197\/revisions"}],"predecessor-version":[{"id":723,"href":"https:\/\/musicalisse.fr\/index.php\/wp-json\/wp\/v2\/pages\/197\/revisions\/723"}],"wp:attachment":[{"href":"https:\/\/musicalisse.fr\/index.php\/wp-json\/wp\/v2\/media?parent=197"}],"curies":[{"name":"wp","href":"https:\/\/api.w.org\/{rel}","templated":true}]}}