{"id":279,"date":"2024-12-19T21:01:30","date_gmt":"2024-12-19T20:01:30","guid":{"rendered":"https:\/\/musicalisse.fr\/?page_id=279"},"modified":"2025-03-24T14:30:27","modified_gmt":"2025-03-24T13:30:27","slug":"terraypod","status":"publish","type":"page","link":"https:\/\/musicalisse.fr\/index.php\/terraypod\/","title":{"rendered":"TerrayPod"},"content":{"rendered":"\n<p class=\"has-text-align-center has-black-color has-pale-cyan-blue-background-color has-text-color has-background has-link-color wp-elements-0f1da9de29b0ec56c5bf25398cff6ab7\"><strong>Retrouvez les podcasts de la webradio du coll\u00e8ge : TerrayPod !<\/strong><br>Ann\u00e9e 2024 &#8211; 2025<\/p>\n\n\n<div class=\"wp-block-image\">\n<figure class=\"aligncenter size-full is-resized\"><img loading=\"lazy\" decoding=\"async\" width=\"454\" height=\"450\" src=\"https:\/\/musicalisse.fr\/wp-content\/uploads\/2024\/12\/Capture-decran-2024-12-19-a-21.24.45.png\" alt=\"\" class=\"wp-image-297\" style=\"width:123px;height:auto\" srcset=\"https:\/\/musicalisse.fr\/wp-content\/uploads\/2024\/12\/Capture-decran-2024-12-19-a-21.24.45.png 454w, https:\/\/musicalisse.fr\/wp-content\/uploads\/2024\/12\/Capture-decran-2024-12-19-a-21.24.45-300x297.png 300w, https:\/\/musicalisse.fr\/wp-content\/uploads\/2024\/12\/Capture-decran-2024-12-19-a-21.24.45-150x150.png 150w, https:\/\/musicalisse.fr\/wp-content\/uploads\/2024\/12\/Capture-decran-2024-12-19-a-21.24.45-61x60.png 61w\" sizes=\"auto, (max-width: 454px) 100vw, 454px\" \/><\/figure>\n<\/div>\n\n\n<p class=\"has-text-align-left has-vivid-purple-color has-white-background-color has-text-color has-background has-link-color wp-elements-8d2fbe24f38eb9027ba40f65b8a6a3e2\"><span style=\"text-decoration: underline;\">Harc\u00e8lement scolaire (D\u00e9cembre 2024)<\/span> :<\/p>\n\n\n\n<figure class=\"wp-block-audio\"><audio controls src=\"https:\/\/musicalisse.fr\/wp-content\/uploads\/2024\/12\/Harcelement-scolaire.mp3\"><\/audio><\/figure>\n\n\n\n<p class=\"has-vivid-purple-color has-text-color has-link-color wp-elements-10809d6b33f5761f076e9dbe1ad4e13d\"><span style=\"text-decoration: underline;\">La s\u00e9rie Friends (D\u00e9cembre 2024)<\/span>:<\/p>\n\n\n\n<figure class=\"wp-block-audio\"><audio controls src=\"https:\/\/musicalisse.fr\/wp-content\/uploads\/2024\/12\/Friends.mp3\"><\/audio><\/figure>\n\n\n\n<p class=\"has-vivid-purple-color has-text-color has-link-color wp-elements-458032909999095365003e761041c21c\"><span style=\"text-decoration: underline;\">No\u00ebl (D\u00e9cembre 2024)<\/span> :<\/p>\n\n\n\n<figure class=\"wp-block-audio\"><audio controls src=\"https:\/\/musicalisse.fr\/wp-content\/uploads\/2024\/12\/Noel.mp3\"><\/audio><\/figure>\n\n\n\n<p class=\"has-vivid-purple-color has-text-color has-link-color wp-elements-c52235cfbebeabe4067d69dbd7e53bd7\"><span style=\"text-decoration: underline;\">One Piece (D\u00e9cembre 2024)<\/span> :<\/p>\n\n\n\n<figure class=\"wp-block-audio\"><audio controls src=\"https:\/\/musicalisse.fr\/wp-content\/uploads\/2024\/12\/One-Piece.mp3\"><\/audio><\/figure>\n\n\n\n<p class=\"has-vivid-purple-color has-text-color has-link-color wp-elements-dea8a0446abfd62f7fa771513ad4539f\"><span style=\"text-decoration: underline;\">Interview de M. Leclerc, animateur du club \u00e9chec, r\u00e9alis\u00e9e par Elisa : -) (D\u00e9cembre 2024)<\/span> :<br><\/p>\n\n\n\n<figure class=\"wp-block-audio\"><audio controls src=\"https:\/\/musicalisse.fr\/wp-content\/uploads\/2024\/12\/Leclerc-1.mp3\"><\/audio><\/figure>\n\n\n\n<p class=\"has-vivid-purple-color has-text-color has-link-color wp-elements-827152db8bf96d3c4a617e886fc6f7fc\"><span style=\"text-decoration: underline;\">Dragon ball <\/span><\/p>\n\n\n\n<figure class=\"wp-block-audio\"><audio controls src=\"https:\/\/musicalisse.fr\/wp-content\/uploads\/2025\/02\/Dragon-Ball.mp3\"><\/audio><\/figure>\n\n\n\n<p class=\"has-vivid-purple-color has-text-color has-link-color wp-elements-63bb8eb90238447135e707dfcf1f98d8\"><span style=\"text-decoration: underline;\">Le droit de l&rsquo;enfant par Nassim<\/span><\/p>\n\n\n\n<figure class=\"wp-block-audio\"><audio controls src=\"https:\/\/musicalisse.fr\/wp-content\/uploads\/2025\/02\/droit-de-lenfantwassim.mp3\"><\/audio><\/figure>\n\n\n\n<p class=\"has-vivid-purple-color has-text-color has-link-color wp-elements-263eb40227b0d6cdb590ff14295aae17\"><span style=\"text-decoration: underline;\">Les droits de l&rsquo;enfants par l&rsquo;IME<\/span><\/p>\n\n\n\n<figure class=\"wp-block-audio\"><audio controls src=\"https:\/\/musicalisse.fr\/wp-content\/uploads\/2025\/02\/droitsdelenfantIME.mp3\"><\/audio><\/figure>\n\n\n\n<figure class=\"wp-block-audio\"><audio controls src=\"https:\/\/musicalisse.fr\/wp-content\/uploads\/2025\/02\/droitsIME.mp3\"><\/audio><\/figure>\n\n\n\n<p class=\"has-vivid-purple-color has-text-color has-link-color wp-elements-052c8063602d3123b2be06d94e85b273\"><span style=\"text-decoration: underline;\">Disney<\/span><\/p>\n\n\n\n<figure class=\"wp-block-audio\"><audio controls src=\"https:\/\/musicalisse.fr\/wp-content\/uploads\/2025\/02\/Dysney.mp3\"><\/audio><\/figure>\n\n\n\n<p class=\"has-vivid-green-cyan-color has-text-color has-link-color wp-elements-20b4a4fda1821ab47f21751cdadd6e49\"><span style=\"text-decoration: underline;\">Friends (mars 2025)<\/span><\/p>\n\n\n\n<figure class=\"wp-block-audio\"><audio controls src=\"https:\/\/musicalisse.fr\/wp-content\/uploads\/2025\/03\/Friends.mp3\"><\/audio><\/figure>\n\n\n\n<p class=\"has-vivid-green-cyan-color has-text-color has-link-color wp-elements-40d0f410f24e2a8718e8f54a606cc5d1\"><span style=\"text-decoration: underline;\">Gim&rsquo;s (Mars 2025)<\/span><\/p>\n\n\n\n<figure class=\"wp-block-audio\"><audio controls src=\"https:\/\/musicalisse.fr\/wp-content\/uploads\/2025\/03\/interviewfictivemaitreG.mp3\"><\/audio><\/figure>\n\n\n\n<p class=\"has-vivid-green-cyan-color has-text-color has-link-color wp-elements-b7e1a0d47be5692af8a62097f709502e\"><span style=\"text-decoration: underline;\">Les filles au chocolat (Mars 2025)<\/span><\/p>\n\n\n\n<figure class=\"wp-block-audio\"><audio controls src=\"https:\/\/musicalisse.fr\/wp-content\/uploads\/2025\/03\/LES-FILLES-AU-CHOCOLAT.mp3\"><\/audio><\/figure>\n\n\n\n<p class=\"has-vivid-green-cyan-color has-text-color has-link-color wp-elements-0b7e44ba982346e9fdb8439799f9676b\"><span style=\"text-decoration: underline;\">Mangas (Mars 2025)<\/span><\/p>\n\n\n\n<figure class=\"wp-block-audio\"><audio controls src=\"https:\/\/musicalisse.fr\/wp-content\/uploads\/2025\/03\/Mangas.mp3\"><\/audio><\/figure>\n\n\n\n<p class=\"has-vivid-green-cyan-color has-text-color has-link-color wp-elements-7e8d387f20236753e922831c1fd75266\"><span style=\"text-decoration: underline;\">Assasination Classroom (Mars 2025)<\/span><\/p>\n\n\n\n<figure class=\"wp-block-audio\"><audio controls src=\"https:\/\/musicalisse.fr\/wp-content\/uploads\/2025\/03\/assasinationclassroom.mp3\"><\/audio><\/figure>\n\n\n\n<p class=\"has-vivid-green-cyan-color has-text-color has-link-color wp-elements-84b74ae2671603dea7cc93494d77685d\">Demon slayer (Mars 2025)<\/p>\n\n\n\n<figure class=\"wp-block-audio\"><audio controls src=\"https:\/\/musicalisse.fr\/wp-content\/uploads\/2025\/03\/demonslayer.mp3\"><\/audio><\/figure>\n\n\n\n<p class=\"has-vivid-green-cyan-color has-text-color has-link-color wp-elements-09b50c78c8aedcbbb138f75cb5391936\">Recette (Mars 2025)<\/p>\n\n\n\n<figure class=\"wp-block-audio\"><audio controls src=\"https:\/\/musicalisse.fr\/wp-content\/uploads\/2025\/03\/recette.mp3\"><\/audio><\/figure>\n\n\n\n<p><\/p>\n","protected":false},"excerpt":{"rendered":"<p>Retrouvez les podcasts de la webradio du coll\u00e8ge : TerrayPod !Ann\u00e9e 2024 &#8211; 2025 Harc\u00e8lement scolaire (D\u00e9cembre 2024) : La s\u00e9rie Friends (D\u00e9cembre 2024): No\u00ebl (D\u00e9cembre 2024) : One Piece (D\u00e9cembre 2024) : Interview de M. Leclerc, animateur du club \u00e9chec, r\u00e9alis\u00e9e par Elisa : &hellip; <\/p>\n","protected":false},"author":1,"featured_media":0,"parent":0,"menu_order":0,"comment_status":"closed","ping_status":"closed","template":"","meta":{"ca_portfolio_gallery_project_year":"","ca_portfolio_gallery_client":"","ca_portfolio_gallery_skills":"","ca_portfolio_gallery_url":"","footnotes":""},"class_list":["post-279","page","type-page","status-publish","hentry"],"_links":{"self":[{"href":"https:\/\/musicalisse.fr\/index.php\/wp-json\/wp\/v2\/pages\/279","targetHints":{"allow":["GET"]}}],"collection":[{"href":"https:\/\/musicalisse.fr\/index.php\/wp-json\/wp\/v2\/pages"}],"about":[{"href":"https:\/\/musicalisse.fr\/index.php\/wp-json\/wp\/v2\/types\/page"}],"author":[{"embeddable":true,"href":"https:\/\/musicalisse.fr\/index.php\/wp-json\/wp\/v2\/users\/1"}],"replies":[{"embeddable":true,"href":"https:\/\/musicalisse.fr\/index.php\/wp-json\/wp\/v2\/comments?post=279"}],"version-history":[{"count":24,"href":"https:\/\/musicalisse.fr\/index.php\/wp-json\/wp\/v2\/pages\/279\/revisions"}],"predecessor-version":[{"id":362,"href":"https:\/\/musicalisse.fr\/index.php\/wp-json\/wp\/v2\/pages\/279\/revisions\/362"}],"wp:attachment":[{"href":"https:\/\/musicalisse.fr\/index.php\/wp-json\/wp\/v2\/media?parent=279"}],"curies":[{"name":"wp","href":"https:\/\/api.w.org\/{rel}","templated":true}]}}