{"id":405,"date":"2025-05-04T16:36:50","date_gmt":"2025-05-04T14:36:50","guid":{"rendered":"https:\/\/musicalisse.fr\/?page_id=405"},"modified":"2025-05-04T16:41:17","modified_gmt":"2025-05-04T14:41:17","slug":"zannoni-2013","status":"publish","type":"page","link":"https:\/\/musicalisse.fr\/index.php\/zannoni-2013\/","title":{"rendered":"Zannoni (2013)"},"content":{"rendered":"\n<p class=\"has-text-align-center has-black-color has-text-color has-background has-link-color wp-elements-61f1f6b4bb3bc36b1a40250e745f8ba2\" style=\"background:linear-gradient(135deg,rgb(6,147,227) 0%,rgb(255,255,255) 73%,rgb(155,81,224) 100%)\">Voici les musiques r\u00e9alis\u00e9es par les \u00e9l\u00e8ves de 4AS et 3I<\/p>\n\n\n\n<ul class=\"wp-block-list\">\n<li>\u00ab\u00a0A l&rsquo;ombre des chevalements\u00a0\u00bb (Paroles : Serge Truba \/ Musique Philippe Heymes)<\/li>\n<\/ul>\n\n\n\n<figure class=\"wp-block-audio\"><audio controls src=\"https:\/\/musicalisse.fr\/wp-content\/uploads\/2025\/05\/A_l_ombre_des_chevalements-1.mp3\"><\/audio><\/figure>\n\n\n\n<ul class=\"wp-block-list\">\n<li>\u00ab\u00a0Les gens venus d&rsquo;ailleurs\u00a0\u00bb (Paroles : Serge Truba \/ Musique Philippe Heymes)<\/li>\n<\/ul>\n\n\n\n<figure class=\"wp-block-audio\"><audio controls src=\"https:\/\/musicalisse.fr\/wp-content\/uploads\/2025\/05\/Les_gens_venus_d_ailleurs.mp3\"><\/audio><\/figure>\n\n\n\n<ul class=\"wp-block-list\">\n<li>\u00ab\u00a0L&rsquo;image de la Terre\u00a0\u00bb (Paroles : Serge Truba \/ Musique Philippe Heymes)<\/li>\n<\/ul>\n\n\n\n<figure class=\"wp-block-audio\"><audio controls src=\"https:\/\/musicalisse.fr\/wp-content\/uploads\/2025\/05\/L_image_de_la_terre.mp3\"><\/audio><\/figure>\n\n\n\n<ul class=\"wp-block-list\">\n<li>\u00ab\u00a0Bravo Zannoni\u00a0\u00bb (Paroles &amp; musique d&rsquo;Alain Pimenta)<\/li>\n<\/ul>\n\n\n\n<figure class=\"wp-block-audio\"><audio controls src=\"https:\/\/musicalisse.fr\/wp-content\/uploads\/2025\/05\/Bravo_Zannoni.mp3\"><\/audio><\/figure>\n","protected":false},"excerpt":{"rendered":"<p>Voici les musiques r\u00e9alis\u00e9es par les \u00e9l\u00e8ves de 4AS et 3I<\/p>\n","protected":false},"author":1,"featured_media":0,"parent":0,"menu_order":0,"comment_status":"closed","ping_status":"closed","template":"","meta":{"ca_portfolio_gallery_project_year":"","ca_portfolio_gallery_client":"","ca_portfolio_gallery_skills":"","ca_portfolio_gallery_url":"","footnotes":""},"class_list":["post-405","page","type-page","status-publish","hentry"],"_links":{"self":[{"href":"https:\/\/musicalisse.fr\/index.php\/wp-json\/wp\/v2\/pages\/405","targetHints":{"allow":["GET"]}}],"collection":[{"href":"https:\/\/musicalisse.fr\/index.php\/wp-json\/wp\/v2\/pages"}],"about":[{"href":"https:\/\/musicalisse.fr\/index.php\/wp-json\/wp\/v2\/types\/page"}],"author":[{"embeddable":true,"href":"https:\/\/musicalisse.fr\/index.php\/wp-json\/wp\/v2\/users\/1"}],"replies":[{"embeddable":true,"href":"https:\/\/musicalisse.fr\/index.php\/wp-json\/wp\/v2\/comments?post=405"}],"version-history":[{"count":5,"href":"https:\/\/musicalisse.fr\/index.php\/wp-json\/wp\/v2\/pages\/405\/revisions"}],"predecessor-version":[{"id":419,"href":"https:\/\/musicalisse.fr\/index.php\/wp-json\/wp\/v2\/pages\/405\/revisions\/419"}],"wp:attachment":[{"href":"https:\/\/musicalisse.fr\/index.php\/wp-json\/wp\/v2\/media?parent=405"}],"curies":[{"name":"wp","href":"https:\/\/api.w.org\/{rel}","templated":true}]}}