{"id":528,"date":"2025-05-08T13:06:10","date_gmt":"2025-05-08T11:06:10","guid":{"rendered":"https:\/\/musicalisse.fr\/?page_id=528"},"modified":"2025-05-20T15:22:44","modified_gmt":"2025-05-20T13:22:44","slug":"play-ground","status":"publish","type":"page","link":"https:\/\/musicalisse.fr\/index.php\/play-ground\/","title":{"rendered":"Play Ground"},"content":{"rendered":"\n<p>Macula NIGRA<\/p>\n\n\n\n<figure class=\"wp-block-image size-full\"><img loading=\"lazy\" decoding=\"async\" width=\"530\" height=\"746\" src=\"https:\/\/musicalisse.fr\/wp-content\/uploads\/2025\/05\/Capture-decran-2025-05-08-a-13.04.53.png\" alt=\"\" class=\"wp-image-529\" srcset=\"https:\/\/musicalisse.fr\/wp-content\/uploads\/2025\/05\/Capture-decran-2025-05-08-a-13.04.53.png 530w, https:\/\/musicalisse.fr\/wp-content\/uploads\/2025\/05\/Capture-decran-2025-05-08-a-13.04.53-213x300.png 213w, https:\/\/musicalisse.fr\/wp-content\/uploads\/2025\/05\/Capture-decran-2025-05-08-a-13.04.53-43x60.png 43w\" sizes=\"auto, (max-width: 530px) 100vw, 530px\" \/><\/figure>\n\n\n\n<p>Groupe de la classe de 4\u00b03 : Gon\u00e7alo, C\u00e9lyan, Fabio, Arthur B<\/p>\n\n\n\n<figure class=\"wp-block-audio\"><audio controls src=\"https:\/\/musicalisse.fr\/wp-content\/uploads\/2025\/05\/Mot-de-passe-MIX.mp3\"><\/audio><\/figure>\n\n\n\n<p>Version de G\u00e9rald DELIQUE (intervenant pour le projet)<\/p>\n\n\n\n<figure class=\"wp-block-audio\"><audio controls src=\"https:\/\/musicalisse.fr\/wp-content\/uploads\/2025\/05\/AUMETZ-N2-PLAYGROUND-.mp3\"><\/audio><\/figure>\n","protected":false},"excerpt":{"rendered":"<p>Macula NIGRA Groupe de la classe de 4\u00b03 : Gon\u00e7alo, C\u00e9lyan, Fabio, Arthur B Version de G\u00e9rald DELIQUE (intervenant pour le projet)<\/p>\n","protected":false},"author":1,"featured_media":0,"parent":0,"menu_order":0,"comment_status":"closed","ping_status":"closed","template":"","meta":{"ca_portfolio_gallery_project_year":"","ca_portfolio_gallery_client":"","ca_portfolio_gallery_skills":"","ca_portfolio_gallery_url":"","footnotes":""},"class_list":["post-528","page","type-page","status-publish","hentry"],"_links":{"self":[{"href":"https:\/\/musicalisse.fr\/index.php\/wp-json\/wp\/v2\/pages\/528","targetHints":{"allow":["GET"]}}],"collection":[{"href":"https:\/\/musicalisse.fr\/index.php\/wp-json\/wp\/v2\/pages"}],"about":[{"href":"https:\/\/musicalisse.fr\/index.php\/wp-json\/wp\/v2\/types\/page"}],"author":[{"embeddable":true,"href":"https:\/\/musicalisse.fr\/index.php\/wp-json\/wp\/v2\/users\/1"}],"replies":[{"embeddable":true,"href":"https:\/\/musicalisse.fr\/index.php\/wp-json\/wp\/v2\/comments?post=528"}],"version-history":[{"count":3,"href":"https:\/\/musicalisse.fr\/index.php\/wp-json\/wp\/v2\/pages\/528\/revisions"}],"predecessor-version":[{"id":621,"href":"https:\/\/musicalisse.fr\/index.php\/wp-json\/wp\/v2\/pages\/528\/revisions\/621"}],"wp:attachment":[{"href":"https:\/\/musicalisse.fr\/index.php\/wp-json\/wp\/v2\/media?parent=528"}],"curies":[{"name":"wp","href":"https:\/\/api.w.org\/{rel}","templated":true}]}}