{"id":567,"date":"2025-05-08T13:29:51","date_gmt":"2025-05-08T11:29:51","guid":{"rendered":"https:\/\/musicalisse.fr\/?page_id=567"},"modified":"2025-05-08T14:00:12","modified_gmt":"2025-05-08T12:00:12","slug":"les-prairies-sombrent-se-couvrentde-fleurs-pourpres","status":"publish","type":"page","link":"https:\/\/musicalisse.fr\/index.php\/les-prairies-sombrent-se-couvrentde-fleurs-pourpres\/","title":{"rendered":"Les prairies sombrent se couvrentde fleurs pourpres"},"content":{"rendered":"\n<p>Myriam MECHITA<\/p>\n\n\n\n<figure class=\"wp-block-image size-full\"><img loading=\"lazy\" decoding=\"async\" width=\"540\" height=\"376\" src=\"https:\/\/musicalisse.fr\/wp-content\/uploads\/2025\/05\/Capture-decran-2025-05-08-a-13.28.31.png\" alt=\"\" class=\"wp-image-568\" srcset=\"https:\/\/musicalisse.fr\/wp-content\/uploads\/2025\/05\/Capture-decran-2025-05-08-a-13.28.31.png 540w, https:\/\/musicalisse.fr\/wp-content\/uploads\/2025\/05\/Capture-decran-2025-05-08-a-13.28.31-300x209.png 300w, https:\/\/musicalisse.fr\/wp-content\/uploads\/2025\/05\/Capture-decran-2025-05-08-a-13.28.31-86x60.png 86w\" sizes=\"auto, (max-width: 540px) 100vw, 540px\" \/><\/figure>\n\n\n\n<p>Groupe de la classe de 4\u00b02 : Louna, C\u00e9lia L, Shayna, C\u00e9lia M<\/p>\n\n\n\n<figure class=\"wp-block-audio\"><audio controls src=\"https:\/\/musicalisse.fr\/wp-content\/uploads\/2025\/05\/Projet-MIX.mp3\"><\/audio><\/figure>\n\n\n\n<p>Version de G\u00e9rald DELIQUE (intervenant pour le projet)<\/p>\n\n\n\n<figure class=\"wp-block-audio\"><audio controls src=\"https:\/\/musicalisse.fr\/wp-content\/uploads\/2025\/05\/AUMETZ-N13-LES-PRAIRIES.mp3\"><\/audio><\/figure>\n","protected":false},"excerpt":{"rendered":"<p>Myriam MECHITA Groupe de la classe de 4\u00b02 : Louna, C\u00e9lia L, Shayna, C\u00e9lia M Version de G\u00e9rald DELIQUE (intervenant pour le projet)<\/p>\n","protected":false},"author":1,"featured_media":0,"parent":0,"menu_order":0,"comment_status":"closed","ping_status":"closed","template":"","meta":{"ca_portfolio_gallery_project_year":"","ca_portfolio_gallery_client":"","ca_portfolio_gallery_skills":"","ca_portfolio_gallery_url":"","footnotes":""},"class_list":["post-567","page","type-page","status-publish","hentry"],"_links":{"self":[{"href":"https:\/\/musicalisse.fr\/index.php\/wp-json\/wp\/v2\/pages\/567","targetHints":{"allow":["GET"]}}],"collection":[{"href":"https:\/\/musicalisse.fr\/index.php\/wp-json\/wp\/v2\/pages"}],"about":[{"href":"https:\/\/musicalisse.fr\/index.php\/wp-json\/wp\/v2\/types\/page"}],"author":[{"embeddable":true,"href":"https:\/\/musicalisse.fr\/index.php\/wp-json\/wp\/v2\/users\/1"}],"replies":[{"embeddable":true,"href":"https:\/\/musicalisse.fr\/index.php\/wp-json\/wp\/v2\/comments?post=567"}],"version-history":[{"count":3,"href":"https:\/\/musicalisse.fr\/index.php\/wp-json\/wp\/v2\/pages\/567\/revisions"}],"predecessor-version":[{"id":606,"href":"https:\/\/musicalisse.fr\/index.php\/wp-json\/wp\/v2\/pages\/567\/revisions\/606"}],"wp:attachment":[{"href":"https:\/\/musicalisse.fr\/index.php\/wp-json\/wp\/v2\/media?parent=567"}],"curies":[{"name":"wp","href":"https:\/\/api.w.org\/{rel}","templated":true}]}}