{"id":58,"date":"2024-05-24T10:48:10","date_gmt":"2024-05-24T08:48:10","guid":{"rendered":"https:\/\/musicalisse.fr\/?page_id=58"},"modified":"2025-11-18T11:04:04","modified_gmt":"2025-11-18T10:04:04","slug":"6-2","status":"publish","type":"page","link":"https:\/\/musicalisse.fr\/index.php\/6-2\/","title":{"rendered":"6\u00b0"},"content":{"rendered":"\n<ol class=\"wp-block-list\">\n<li><a href=\"https:\/\/padlet.com\/philippe_heymes\/6-s-quence-1-l-importance-du-temps-dans-la-musique-xlmverdgqja4\">L&rsquo;importance du <strong>temps<\/strong> dans la musique<\/a><\/li>\n<\/ol>\n\n\n\n<p>2. <a href=\"https:\/\/padlet.com\/philippe_heymes\/6-s-quence-2-comment-puis-je-utiliser-ma-voix-pour-cr-er-feijc7agiazo\">Comment puis-je utiliser <strong>ma voix<\/strong> pour cr\u00e9er ?<\/a><\/p>\n\n\n\n<p>3. <a href=\"https:\/\/padlet.com\/philippe_heymes\/6-s-quence-3-comment-les-compositeurs-organisent-ils-la-musi-1r8wzwopezw7\">Comment les compositeurs <strong>organisent<\/strong>-ils la musique ?<\/a><\/p>\n\n\n\n<p>4. <a href=\"https:\/\/padlet.com\/philippe_heymes\/6-_-s-quence-4-la-musique-a-t-elle-le-pouvoir-d-voquer-les-m-7yi0vkfkhfo\">La musique a-t-elle le pouvoir d&rsquo;\u00e9voquer le <strong>monde de l&rsquo;enfance<\/strong> ?<\/a><\/p>\n\n\n\n<p>5. <a href=\"https:\/\/padlet.com\/philippe_heymes\/6-_musique-antique-rye39ktam0q9\">Quel est l&rsquo;apport de la <strong>musique antique<\/strong> ?<\/a><\/p>\n\n\n\n<p>6. <a href=\"https:\/\/padlet.com\/philippe_heymes\/6-le-bruit-peut-il-tre-un-l-ment-de-composition-esk6pib62nt3\"><strong>Le bruit<\/strong> peut-il \u00eatre un \u00e9l\u00e9ment de composition ?<\/a><\/p>\n\n\n\n<p>7. <a href=\"https:\/\/padlet.com\/mrtblg\/6-mes-s-quence-3-comment-des-choix-musicaux-orientent-la-per-mqcyr5vvas8yits1\">Comment des choix musicaux orientent-ils la perception des <strong>mots<\/strong> ?<\/a><\/p>\n\n\n\n<p>8. <a href=\"https:\/\/padlet.com\/philippe_heymes\/6-comment-voyager-avec-la-musique-nk0cso0xxhbj\">Comment <strong>voyager<\/strong> avec la musique ?<\/a><\/p>\n\n\n\n<p>9. <a href=\"https:\/\/padlet.com\/philippe_heymes\/6-de-quelles-mani-res-les-plans-sonores-peuvent-ils-souligne-i7s9xwdp8tlz\">De quelles mani\u00e8res les <strong>plans sonores<\/strong> peuvent-ils souligner une forme musicale <\/a>?<\/p>\n\n\n\n<p>10. <a href=\"https:\/\/padlet.com\/philippe_heymes\/6e-quelle-motion-nous-procure-la-musique-travers-le-temps-fdi3k8l39zh5bq70\">Quelles \u00e9motions nous procurent la musique \u00e0 travers le temps ?<\/a><\/p>\n\n\n\n<p>11. <a href=\"https:\/\/padlet.com\/philippe_heymes\/6-quelle-importance-donner-au-timbre-dans-la-cr-ation-musica-wf9jrqi7jd30kiti\">Quelle importance donner au timbre dans la cr\u00e9ation musicale ?<\/a><\/p>\n\n\n\n<p>12. <a href=\"https:\/\/padlet.com\/philippe_heymes\/la-musique-raconte-une-histoire-9cjsopt7t2h8nq7e\">Comment les animaux inspirent-ils les compositeurs ?<\/a><\/p>\n","protected":false},"excerpt":{"rendered":"<p>2. Comment puis-je utiliser ma voix pour cr\u00e9er ? 3. Comment les compositeurs organisent-ils la musique ? 4. La musique a-t-elle le pouvoir d&rsquo;\u00e9voquer le monde de l&rsquo;enfance ? 5. Quel est l&rsquo;apport de la musique antique ? 6. Le bruit peut-il \u00eatre un \u00e9l\u00e9ment &hellip; <\/p>\n","protected":false},"author":1,"featured_media":0,"parent":0,"menu_order":0,"comment_status":"closed","ping_status":"closed","template":"","meta":{"ca_portfolio_gallery_project_year":"","ca_portfolio_gallery_client":"","ca_portfolio_gallery_skills":"","ca_portfolio_gallery_url":"","footnotes":""},"class_list":["post-58","page","type-page","status-publish","hentry"],"_links":{"self":[{"href":"https:\/\/musicalisse.fr\/index.php\/wp-json\/wp\/v2\/pages\/58","targetHints":{"allow":["GET"]}}],"collection":[{"href":"https:\/\/musicalisse.fr\/index.php\/wp-json\/wp\/v2\/pages"}],"about":[{"href":"https:\/\/musicalisse.fr\/index.php\/wp-json\/wp\/v2\/types\/page"}],"author":[{"embeddable":true,"href":"https:\/\/musicalisse.fr\/index.php\/wp-json\/wp\/v2\/users\/1"}],"replies":[{"embeddable":true,"href":"https:\/\/musicalisse.fr\/index.php\/wp-json\/wp\/v2\/comments?post=58"}],"version-history":[{"count":16,"href":"https:\/\/musicalisse.fr\/index.php\/wp-json\/wp\/v2\/pages\/58\/revisions"}],"predecessor-version":[{"id":790,"href":"https:\/\/musicalisse.fr\/index.php\/wp-json\/wp\/v2\/pages\/58\/revisions\/790"}],"wp:attachment":[{"href":"https:\/\/musicalisse.fr\/index.php\/wp-json\/wp\/v2\/media?parent=58"}],"curies":[{"name":"wp","href":"https:\/\/api.w.org\/{rel}","templated":true}]}}