{"id":61,"date":"2024-05-24T10:49:30","date_gmt":"2024-05-24T08:49:30","guid":{"rendered":"https:\/\/musicalisse.fr\/?page_id=61"},"modified":"2024-07-04T11:20:02","modified_gmt":"2024-07-04T09:20:02","slug":"5-2","status":"publish","type":"page","link":"https:\/\/musicalisse.fr\/index.php\/5-2\/","title":{"rendered":"5\u00b0"},"content":{"rendered":"\n<ol class=\"wp-block-list\">\n<li><a href=\"https:\/\/padlet.com\/philippe_heymes\/5-s-quence-1-comment-les-musiciens-mettent-ils-en-musique-la-mbfkul3m7bjj\">Comment les musiciens mettent-ils en musique la <strong>po\u00e9sie<\/strong> ?<\/a><\/li>\n<\/ol>\n\n\n\n<p>2. <a href=\"https:\/\/padlet.com\/philippe_heymes\/5-s-quence-2-comment-les-l-ments-nocturnes-peuvent-ils-inspi-gxf6xweqeii8\">Comment les <strong>\u00e9l\u00e9ments nocturnes<\/strong> peuvent-ils inspirer les musiciens ?<\/a><\/p>\n\n\n\n<p>3. <a href=\"https:\/\/padlet.com\/philippe_heymes\/5-s-quence-3-comment-la-musique-monophonique-volue-t-elle-en-axbs10k5laq7\">Comment la musique <strong>monophonique<\/strong> \u00e9volue-t-elle en <strong>polyphonie<\/strong> ?<\/a><\/p>\n\n\n\n<p>4. <a href=\"https:\/\/padlet.com\/philippe_heymes\/5-comment-s-organise-une-musique-pour-danser-s7mdv1x5798g\">Comment s&rsquo;organise une musique <strong>pour danser<\/strong> ?<\/a><\/p>\n\n\n\n<p>5. <a href=\"https:\/\/padlet.com\/philippe_heymes\/5-de-quelles-mani-res-peut-on-transformer-un-th-me-7qcar0ihbs1y\">De quel mani\u00e8re peut-on <strong>transformer un th\u00e8me <\/strong>?<\/a><\/p>\n\n\n\n<p>6. <a href=\"https:\/\/padlet.com\/philippe_heymes\/5-dans-quelle-mesure-une-repr-sentation-graphique-peut-elle--j4owt44guco3\">Dans quelle mesure une <strong>repr\u00e9sentation graphique<\/strong> peut-elle affiner l&rsquo;\u00e9coute et nourrir une interpr\u00e9tation ?<\/a><\/p>\n\n\n\n<p>7. <a href=\"https:\/\/padlet.com\/philippe_heymes\/5-_-comment-les-musiciens-repr-sentent-ils-les-animaux-8s7fi8t3l6uq\">Comment les musiciens repr\u00e9sentent-ils <strong>les animaux <\/strong>?<\/a><\/p>\n\n\n\n<p>8. <a href=\"https:\/\/padlet.com\/philippe_heymes\/5e-comment-dialoguer-en-musique-3zle7mwsr92p\">Comment <strong>dialoguer <\/strong>en musique ?<\/a><\/p>\n","protected":false},"excerpt":{"rendered":"<p>2. Comment les \u00e9l\u00e9ments nocturnes peuvent-ils inspirer les musiciens ? 3. Comment la musique monophonique \u00e9volue-t-elle en polyphonie ? 4. Comment s&rsquo;organise une musique pour danser ? 5. De quel mani\u00e8re peut-on transformer un th\u00e8me ? 6. Dans quelle mesure une repr\u00e9sentation graphique peut-elle affiner &hellip; <\/p>\n","protected":false},"author":1,"featured_media":0,"parent":0,"menu_order":0,"comment_status":"closed","ping_status":"closed","template":"","meta":{"ca_portfolio_gallery_project_year":"","ca_portfolio_gallery_client":"","ca_portfolio_gallery_skills":"","ca_portfolio_gallery_url":"","footnotes":""},"class_list":["post-61","page","type-page","status-publish","hentry"],"_links":{"self":[{"href":"https:\/\/musicalisse.fr\/index.php\/wp-json\/wp\/v2\/pages\/61","targetHints":{"allow":["GET"]}}],"collection":[{"href":"https:\/\/musicalisse.fr\/index.php\/wp-json\/wp\/v2\/pages"}],"about":[{"href":"https:\/\/musicalisse.fr\/index.php\/wp-json\/wp\/v2\/types\/page"}],"author":[{"embeddable":true,"href":"https:\/\/musicalisse.fr\/index.php\/wp-json\/wp\/v2\/users\/1"}],"replies":[{"embeddable":true,"href":"https:\/\/musicalisse.fr\/index.php\/wp-json\/wp\/v2\/comments?post=61"}],"version-history":[{"count":8,"href":"https:\/\/musicalisse.fr\/index.php\/wp-json\/wp\/v2\/pages\/61\/revisions"}],"predecessor-version":[{"id":162,"href":"https:\/\/musicalisse.fr\/index.php\/wp-json\/wp\/v2\/pages\/61\/revisions\/162"}],"wp:attachment":[{"href":"https:\/\/musicalisse.fr\/index.php\/wp-json\/wp\/v2\/media?parent=61"}],"curies":[{"name":"wp","href":"https:\/\/api.w.org\/{rel}","templated":true}]}}