{"id":641,"date":"2025-07-05T15:39:20","date_gmt":"2025-07-05T13:39:20","guid":{"rendered":"https:\/\/musicalisse.fr\/?page_id=641"},"modified":"2025-07-05T15:42:43","modified_gmt":"2025-07-05T13:42:43","slug":"zannoni-chants-2025","status":"publish","type":"page","link":"https:\/\/musicalisse.fr\/index.php\/zannoni-chants-2025\/","title":{"rendered":"Zannoni Chants 2025"},"content":{"rendered":"\n<p class=\"has-black-color has-pale-pink-background-color has-text-color has-background has-link-color wp-elements-6ecd3428e211ded9ce41ae7d73768c40\"><strong>L\u00e9na Aquilano &amp; Zo\u00e9 Tapp Nov\u00e9na de 6\u00b02 chantent : <span style=\"text-decoration: underline;\">Que c&rsquo;est beau <\/span>(Po\u00e8me de Serge Truba, Musique de Philippe Heymes)<\/strong><\/p>\n\n\n\n<figure class=\"wp-block-audio\"><audio controls src=\"https:\/\/musicalisse.fr\/wp-content\/uploads\/2025\/07\/Que-cest-beau-mix-final-2-Filles-Master.mp3\"><\/audio><\/figure>\n\n\n\n<p class=\"has-black-color has-vivid-green-cyan-background-color has-text-color has-background has-link-color wp-elements-6274bd541b00f579141b6e7c0a125906\"><strong>Les classe de 5\u00b02, 5\u00b03 et 5\u00b04 chantent : <span style=\"text-decoration: underline;\">Les cordes du vent<\/span> (Po\u00e8me de Serge Truba, Musique de Philippe Heymes)<\/strong><\/p>\n\n\n\n<figure class=\"wp-block-audio\"><audio controls src=\"https:\/\/musicalisse.fr\/wp-content\/uploads\/2025\/07\/Cordes-du-vents-eleves-Final-1_Master.mp3\"><\/audio><\/figure>\n\n\n\n<p><\/p>\n","protected":false},"excerpt":{"rendered":"<p>L\u00e9na Aquilano &amp; Zo\u00e9 Tapp Nov\u00e9na de 6\u00b02 chantent : Que c&rsquo;est beau (Po\u00e8me de Serge Truba, Musique de Philippe Heymes) Les classe de 5\u00b02, 5\u00b03 et 5\u00b04 chantent : Les cordes du vent (Po\u00e8me de Serge Truba, Musique de Philippe Heymes)<\/p>\n","protected":false},"author":1,"featured_media":0,"parent":0,"menu_order":0,"comment_status":"closed","ping_status":"closed","template":"","meta":{"ca_portfolio_gallery_project_year":"","ca_portfolio_gallery_client":"","ca_portfolio_gallery_skills":"","ca_portfolio_gallery_url":"","footnotes":""},"class_list":["post-641","page","type-page","status-publish","hentry"],"_links":{"self":[{"href":"https:\/\/musicalisse.fr\/index.php\/wp-json\/wp\/v2\/pages\/641","targetHints":{"allow":["GET"]}}],"collection":[{"href":"https:\/\/musicalisse.fr\/index.php\/wp-json\/wp\/v2\/pages"}],"about":[{"href":"https:\/\/musicalisse.fr\/index.php\/wp-json\/wp\/v2\/types\/page"}],"author":[{"embeddable":true,"href":"https:\/\/musicalisse.fr\/index.php\/wp-json\/wp\/v2\/users\/1"}],"replies":[{"embeddable":true,"href":"https:\/\/musicalisse.fr\/index.php\/wp-json\/wp\/v2\/comments?post=641"}],"version-history":[{"count":4,"href":"https:\/\/musicalisse.fr\/index.php\/wp-json\/wp\/v2\/pages\/641\/revisions"}],"predecessor-version":[{"id":651,"href":"https:\/\/musicalisse.fr\/index.php\/wp-json\/wp\/v2\/pages\/641\/revisions\/651"}],"wp:attachment":[{"href":"https:\/\/musicalisse.fr\/index.php\/wp-json\/wp\/v2\/media?parent=641"}],"curies":[{"name":"wp","href":"https:\/\/api.w.org\/{rel}","templated":true}]}}