{"id":800,"date":"2025-11-25T07:48:23","date_gmt":"2025-11-25T06:48:23","guid":{"rendered":"https:\/\/musicalisse.fr\/?page_id=800"},"modified":"2026-02-09T16:09:25","modified_gmt":"2026-02-09T15:09:25","slug":"terray-ki-papote","status":"publish","type":"page","link":"https:\/\/musicalisse.fr\/index.php\/terray-ki-papote\/","title":{"rendered":"Terray ki papote"},"content":{"rendered":"\n<figure class=\"wp-block-image size-thumbnail is-resized is-style-default\"><img loading=\"lazy\" decoding=\"async\" width=\"150\" height=\"150\" src=\"https:\/\/musicalisse.fr\/wp-content\/uploads\/2025\/11\/Vibrant-Emblem-Style-Radio-Logo-150x150.png\" alt=\"\" class=\"wp-image-808\" style=\"object-fit:contain;width:220px;height:220px\" srcset=\"https:\/\/musicalisse.fr\/wp-content\/uploads\/2025\/11\/Vibrant-Emblem-Style-Radio-Logo-150x150.png 150w, https:\/\/musicalisse.fr\/wp-content\/uploads\/2025\/11\/Vibrant-Emblem-Style-Radio-Logo-300x300.png 300w, https:\/\/musicalisse.fr\/wp-content\/uploads\/2025\/11\/Vibrant-Emblem-Style-Radio-Logo-60x60.png 60w, https:\/\/musicalisse.fr\/wp-content\/uploads\/2025\/11\/Vibrant-Emblem-Style-Radio-Logo.png 500w\" sizes=\"auto, (max-width: 150px) 100vw, 150px\" \/><\/figure>\n\n\n\n<p class=\"has-text-align-center has-pale-cyan-blue-background-color has-background\"><strong>Bienvenue sur la radio anim\u00e9e par le club radio \u00ab\u00a0Terray Ki papote\u00a0\u00bb : toutes les semaines, les \u00e9l\u00e8ves de l&rsquo;IME la Sapini\u00e8re de la classe d&rsquo;Audrey et des \u00e9l\u00e8ves volontaires du coll\u00e8ge se rassemblent pour cr\u00e9er un super podcast et une magnifique gazette par mois !<\/strong><\/p>\n\n\n\n<ul class=\"wp-block-list\">\n<li class=\"has-vivid-green-cyan-color has-text-color has-link-color wp-elements-d12c5b7ff28b2a5b77ba6816c5ecf847\"><span style=\"text-decoration: underline;\">Ce mois-ci les journalistes vous r\u00e9v\u00e8lent tout sur les jeux vid\u00e9os, m\u00eame leurs faces les plus sombres !!<\/span><\/li>\n<\/ul>\n\n\n\n<figure class=\"wp-block-audio\"><audio controls src=\"https:\/\/musicalisse.fr\/wp-content\/uploads\/2025\/11\/POD00124.mp3\"><\/audio><\/figure>\n\n\n\n<ul class=\"wp-block-list\">\n<li class=\"has-vivid-green-cyan-color has-text-color has-link-color wp-elements-3412b2aee4d02838f433fe963b1c1004\"><strong><span style=\"text-decoration: underline;\">Gazette de No\u00ebl<\/span><\/strong> (2025)<\/li>\n<\/ul>\n\n\n\n<div data-wp-interactive=\"core\/file\" class=\"wp-block-file\"><object data-wp-bind--hidden=\"!state.hasPdfPreview\" hidden class=\"wp-block-file__embed\" data=\"https:\/\/musicalisse.fr\/wp-content\/uploads\/2025\/12\/gazette-Noel.pdf\" type=\"application\/pdf\" style=\"width:100%;height:600px\" aria-label=\"Contenu embarqu\u00e9 gazette Noe\u0308l.\"><\/object><a id=\"wp-block-file--media-e627ccef-3e35-4008-85e7-b948bd28fea6\" href=\"https:\/\/musicalisse.fr\/wp-content\/uploads\/2025\/12\/gazette-Noel.pdf\">gazette Noe\u0308l<\/a><a href=\"https:\/\/musicalisse.fr\/wp-content\/uploads\/2025\/12\/gazette-Noel.pdf\" class=\"wp-block-file__button wp-element-button\" download aria-describedby=\"wp-block-file--media-e627ccef-3e35-4008-85e7-b948bd28fea6\">T\u00e9l\u00e9charger<\/a><\/div>\n\n\n\n<figure class=\"wp-block-audio\"><audio controls src=\"https:\/\/musicalisse.fr\/wp-content\/uploads\/2025\/12\/Noel.mp3\"><\/audio><\/figure>\n\n\n\n<p class=\"has-vivid-red-color has-text-color has-link-color wp-elements-744ff8e08c9dea184cd6ca3d787badd0\"><strong><span style=\"text-decoration: underline;\">\u00ab\u00a0A fond la caisse\u00a0\u00bb<\/span> <\/strong>: Un podcast enregistr\u00e9 par l&rsquo;IME. (9 f\u00e9vrier 2026).<\/p>\n\n\n\n<figure class=\"wp-block-audio\"><audio controls src=\"https:\/\/musicalisse.fr\/wp-content\/uploads\/2026\/02\/Voitures.mp3\"><\/audio><\/figure>\n\n\n\n<p><\/p>\n","protected":false},"excerpt":{"rendered":"<p>Bienvenue sur la radio anim\u00e9e par le club radio \u00ab\u00a0Terray Ki papote\u00a0\u00bb : toutes les semaines, les \u00e9l\u00e8ves de l&rsquo;IME la Sapini\u00e8re de la classe d&rsquo;Audrey et des \u00e9l\u00e8ves volontaires du coll\u00e8ge se rassemblent pour cr\u00e9er un super podcast et une magnifique gazette par mois &hellip; <\/p>\n","protected":false},"author":1,"featured_media":0,"parent":0,"menu_order":0,"comment_status":"closed","ping_status":"closed","template":"","meta":{"ca_portfolio_gallery_project_year":"","ca_portfolio_gallery_client":"","ca_portfolio_gallery_skills":"","ca_portfolio_gallery_url":"","footnotes":""},"class_list":["post-800","page","type-page","status-publish","hentry"],"_links":{"self":[{"href":"https:\/\/musicalisse.fr\/index.php\/wp-json\/wp\/v2\/pages\/800","targetHints":{"allow":["GET"]}}],"collection":[{"href":"https:\/\/musicalisse.fr\/index.php\/wp-json\/wp\/v2\/pages"}],"about":[{"href":"https:\/\/musicalisse.fr\/index.php\/wp-json\/wp\/v2\/types\/page"}],"author":[{"embeddable":true,"href":"https:\/\/musicalisse.fr\/index.php\/wp-json\/wp\/v2\/users\/1"}],"replies":[{"embeddable":true,"href":"https:\/\/musicalisse.fr\/index.php\/wp-json\/wp\/v2\/comments?post=800"}],"version-history":[{"count":22,"href":"https:\/\/musicalisse.fr\/index.php\/wp-json\/wp\/v2\/pages\/800\/revisions"}],"predecessor-version":[{"id":864,"href":"https:\/\/musicalisse.fr\/index.php\/wp-json\/wp\/v2\/pages\/800\/revisions\/864"}],"wp:attachment":[{"href":"https:\/\/musicalisse.fr\/index.php\/wp-json\/wp\/v2\/media?parent=800"}],"curies":[{"name":"wp","href":"https:\/\/api.w.org\/{rel}","templated":true}]}}